{"id":5,"date":"2019-11-26T12:22:54","date_gmt":"2019-11-26T11:22:54","guid":{"rendered":"https:\/\/demosites.io\/blogger-gb\/?page_id=5"},"modified":"2023-02-20T11:51:23","modified_gmt":"2023-02-20T10:51:23","slug":"startseite","status":"publish","type":"page","link":"https:\/\/machs-auf.at\/","title":{"rendered":"Home"},"content":{"rendered":"\n<div id=\"wp-block-themeisle-blocks-advanced-columns-e5e06ebd\" class=\"wp-block-themeisle-blocks-advanced-columns has-2-columns has-desktop-equal-layout has-tablet-equal-layout has-mobile-twoOne-layout has-vertical-unset\"><div class=\"wp-block-themeisle-blocks-advanced-columns-overlay\"><\/div><div class=\"innerblocks-wrap\">\n<div id=\"wp-block-themeisle-blocks-advanced-column-faefdc1c\" class=\"wp-block-themeisle-blocks-advanced-column ticss-262bb66b\"><\/div>\n\n\n\n<div id=\"wp-block-themeisle-blocks-advanced-column-101a17aa\" class=\"wp-block-themeisle-blocks-advanced-column\">\n<p id=\"wp-block-themeisle-blocks-advanced-heading-cb8c227d\" class=\"wp-block-themeisle-blocks-advanced-heading wp-block-themeisle-blocks-advanced-heading-cb8c227d\"><strong>Inklusive Maker- und Repairspaces<\/strong><\/p>\n\n\n\n<h1 class=\"has-text-align-left ticss-323b0dc0 wp-block-heading\">MACH&#8217;S AUF!<\/h1>\n<\/div>\n<\/div><\/div>\n\n\n\n<div id=\"wp-block-themeisle-blocks-advanced-columns-5a83b79b\" class=\"wp-block-themeisle-blocks-advanced-columns alignfull has-1-columns has-desktop-equal-layout has-tablet-equal-layout has-mobile-collapsedRows-layout has-vertical-center\"><div class=\"wp-block-themeisle-blocks-advanced-columns-overlay\"><\/div><div class=\"innerblocks-wrap\">\n<div id=\"wp-block-themeisle-blocks-advanced-column-67e16009\" class=\"wp-block-themeisle-blocks-advanced-column ticss-5418d6a3\">\n<figure class=\"wp-block-embed is-type-video is-provider-youtube wp-block-embed-youtube wp-embed-aspect-16-9 wp-has-aspect-ratio\"><div class=\"wp-block-embed__wrapper\">\n<div class=\"nv-iframe-embed\"><div class=\"container-lazyload preview-lazyload container-youtube js-lazyload--not-loaded\"><a href=\"https:\/\/www.youtube.com\/watch?v=7S8ZVDvWld0\" class=\"lazy-load-youtube preview-lazyload preview-youtube\" data-video-title=\"MACH&#039;S AUF Introduction\" title=\"Play video &quot;MACH&#039;S AUF Introduction&quot;\">https:\/\/www.youtube.com\/watch?v=7S8ZVDvWld0<\/a><noscript>Video can&#8217;t be loaded because JavaScript is disabled: <a href=\"https:\/\/www.youtube.com\/watch?v=7S8ZVDvWld0\" title=\"MACH&#039;S AUF Introduction\">MACH&#039;S AUF Introduction (https:\/\/www.youtube.com\/watch?v=7S8ZVDvWld0)<\/a><\/noscript><\/div><\/div>\n<\/div><\/figure>\n<\/div>\n<\/div><\/div>\n\n\n\n<div id=\"wp-block-themeisle-blocks-advanced-columns-194b2b21\" class=\"wp-block-themeisle-blocks-advanced-columns alignfull has-1-columns has-desktop-equal-layout has-tablet-equal-layout has-mobile-equal-layout has-vertical-unset\"><div class=\"wp-block-themeisle-blocks-advanced-columns-overlay\"><\/div><div class=\"innerblocks-wrap\">\n<div id=\"wp-block-themeisle-blocks-advanced-column-204c7024\" class=\"wp-block-themeisle-blocks-advanced-column\">\n<h2 id=\"wp-block-themeisle-blocks-advanced-heading-2ec13e75\" class=\"wp-block-themeisle-blocks-advanced-heading wp-block-themeisle-blocks-advanced-heading-2ec13e75\">Was ist MACH&#8217;S AUF?<\/h2>\n\n\n\n<div id=\"wp-block-themeisle-blocks-advanced-columns-33738250\" class=\"wp-block-themeisle-blocks-advanced-columns has-2-columns has-desktop-equal-layout has-tablet-equal-layout has-mobile-collapsedRows-layout has-vertical-unset\"><div class=\"wp-block-themeisle-blocks-advanced-columns-overlay\"><\/div><div class=\"innerblocks-wrap\">\n<div id=\"wp-block-themeisle-blocks-advanced-column-c4c3925f\" class=\"wp-block-themeisle-blocks-advanced-column\">\n<p class=\"has-medium-font-size\">Maker- und Repairspaces sind f\u00fcr Geh\u00f6rlose in \u00d6sterreich oft nicht zug\u00e4nglich genug, um Kreativit\u00e4t auszuleben oder nachhaltige Techniknutzung eigenst\u00e4ndig zu leben.<\/p>\n\n\n\n<p class=\"has-medium-font-size\">MACH&#8217;S AUF! ist ein wissenschaftlich-k\u00fcnstlerisches Projekt. Wir besch\u00e4ftigen uns mit dem Thema: Wie kann Technik gestaltet sein, damit sie besser von geh\u00f6rlosen und h\u00f6rbehinderten Menschen genutzt werden kann?&nbsp;<\/p>\n\n\n\n<p class=\"has-medium-font-size\">Es werden eine Reihe an Workshops, Vortr\u00e4gen und Austausch passieren, wo wir uns mit folgenden Fragen besch\u00e4ftigen:<\/p>\n\n\n\n<p class=\"has-medium-font-size\"><strong>Was braucht es, damit geh\u00f6rlose Menschen technische F\u00e4higkeiten erlernen k\u00f6nnen? Welche&nbsp;Technologien wollen geh\u00f6rlose Menschen selbst gestalten? Wie k\u00f6nnen Barrieren abgebaut&nbsp;werden, ohne dass gesellschaftliche Randgruppen davon benachteiligt werden?<\/strong>&nbsp;<\/p>\n<\/div>\n\n\n\n<div id=\"wp-block-themeisle-blocks-advanced-column-2fac3b7a\" class=\"wp-block-themeisle-blocks-advanced-column\">\n<h3 class=\"has-medium-font-size wp-block-heading\">Mit diesen Fragen verstehen wir das Projekt als Startpunkt, um kreative und kulturelle Orte\u00a0zug\u00e4nglicher zu machen. Genauso wollen wir die Aufmerksamkeit auf nachhaltige Wirksamkeit,\u00a0die sorgsame Nutzung von nat\u00fcrlichen Resource und Reparaturkultur lenken.<\/h3>\n\n\n\n<figure class=\"wp-block-image size-large\"><img loading=\"lazy\" decoding=\"async\" width=\"1024\" height=\"560\" src=\"https:\/\/machs-auf.at\/wp-content\/uploads\/2023\/02\/Bildschirmfoto-2023-02-20-um-11.49.33-min-1024x560.png\" alt=\"\" class=\"wp-image-363\" srcset=\"https:\/\/machs-auf.at\/wp-content\/uploads\/2023\/02\/Bildschirmfoto-2023-02-20-um-11.49.33-min-1024x560.png 1024w, https:\/\/machs-auf.at\/wp-content\/uploads\/2023\/02\/Bildschirmfoto-2023-02-20-um-11.49.33-min-300x164.png 300w, https:\/\/machs-auf.at\/wp-content\/uploads\/2023\/02\/Bildschirmfoto-2023-02-20-um-11.49.33-min-768x420.png 768w, https:\/\/machs-auf.at\/wp-content\/uploads\/2023\/02\/Bildschirmfoto-2023-02-20-um-11.49.33-min-1536x841.png 1536w, https:\/\/machs-auf.at\/wp-content\/uploads\/2023\/02\/Bildschirmfoto-2023-02-20-um-11.49.33-min-2048x1121.png 2048w\" sizes=\"auto, (max-width: 1024px) 100vw, 1024px\" \/><\/figure>\n<\/div>\n<\/div><\/div>\n<\/div>\n<\/div><\/div>\n\n\n\n<div id=\"wp-block-themeisle-blocks-advanced-columns-c4b2dbef\" class=\"wp-block-themeisle-blocks-advanced-columns alignfull has-1-columns has-desktop-equal-layout has-tablet-equal-layout has-mobile-equal-layout has-vertical-unset\"><div class=\"wp-block-themeisle-blocks-advanced-columns-overlay\"><\/div><div class=\"innerblocks-wrap\">\n<div id=\"wp-block-themeisle-blocks-advanced-column-e71c5cb7\" class=\"wp-block-themeisle-blocks-advanced-column\">\n<h2 id=\"wp-block-themeisle-blocks-advanced-heading-c8c7e5de\" class=\"wp-block-themeisle-blocks-advanced-heading wp-block-themeisle-blocks-advanced-heading-c8c7e5de\"><strong>Das erste Hackspace Wiens: Metalab<\/strong><\/h2>\n\n\n\n<div id=\"wp-block-themeisle-blocks-advanced-columns-da5cf05f\" class=\"wp-block-themeisle-blocks-advanced-columns has-2-columns has-desktop-equal-layout has-tablet-equal-layout has-mobile-collapsedRows-layout has-vertical-unset\"><div class=\"wp-block-themeisle-blocks-advanced-columns-overlay\"><\/div><div class=\"innerblocks-wrap\">\n<div id=\"wp-block-themeisle-blocks-advanced-column-42382932\" class=\"wp-block-themeisle-blocks-advanced-column\">\n<p class=\"has-medium-font-size\">Das Metalab ist ein Hackspace im 1. Bezirk, direkt hinter dem Rathaus. Es beschreibt sich selbst als offenen Raum f\u00fcr Wissensaustausch. Deshalb gibt es hier immer wieder Workshops, Veranstaltungen und Treffen.&nbsp;<br><br>Der Fokus liegt auf technisch-kreativen Projekten. Zur Verf\u00fcgung stehen deshalb unter anderem: 3D-Drucker, Drehb\u00e4nke, Lasercutter, Flachbettscanner, N\u00e4hmaschinen, Siebdruck, Tischbohrmaschinen und vieles mehr.<\/p>\n\n\n\n<p class=\"has-medium-font-size\">Dank der offenen und lernbereiten Kultur von Metalab sind wir geh\u00f6rlose Menschen herzlich willkommen. Mit der Zusammenarbeit von MACH&#8217;S AUF! und Metalab schaffen wir dem Ziel barrierearme Zugang schrittweise n\u00e4her zu gelangen.&nbsp;<br><\/p>\n<\/div>\n\n\n\n<div id=\"wp-block-themeisle-blocks-advanced-column-8c7ca594\" class=\"wp-block-themeisle-blocks-advanced-column\">\n<p class=\"has-medium-font-size\">Auf der Seite <strong>Aktuelles<\/strong> und im <strong>Kalender<\/strong> sowie auf Soziale Medien kannst du dem ganzen Prozess gespannt mitverfolgen und auch mitmachen!<\/p>\n\n\n\n<figure class=\"wp-block-image size-large\"><img loading=\"lazy\" decoding=\"async\" width=\"1024\" height=\"811\" src=\"https:\/\/machs-auf.at\/wp-content\/uploads\/2022\/12\/Bildschirmfoto2022-09-23um23.44.36-min-1024x811.jpg\" alt=\"\" class=\"wp-image-245\" srcset=\"https:\/\/machs-auf.at\/wp-content\/uploads\/2022\/12\/Bildschirmfoto2022-09-23um23.44.36-min-1024x811.jpg 1024w, https:\/\/machs-auf.at\/wp-content\/uploads\/2022\/12\/Bildschirmfoto2022-09-23um23.44.36-min-300x238.jpg 300w, https:\/\/machs-auf.at\/wp-content\/uploads\/2022\/12\/Bildschirmfoto2022-09-23um23.44.36-min-768x608.jpg 768w, https:\/\/machs-auf.at\/wp-content\/uploads\/2022\/12\/Bildschirmfoto2022-09-23um23.44.36-min.jpg 1470w\" sizes=\"auto, (max-width: 1024px) 100vw, 1024px\" \/><\/figure>\n<\/div>\n<\/div><\/div>\n<\/div>\n<\/div><\/div>\n\n\n\n<div class=\"wp-block-columns is-layout-flex wp-container-core-columns-is-layout-1 wp-block-columns-is-layout-flex\">\n<div class=\"wp-block-column is-layout-flow wp-block-column-is-layout-flow\" style=\"flex-basis:100%\"><\/div>\n<\/div>\n\n\n\n<div id=\"wp-block-themeisle-blocks-advanced-columns-6a564611\" class=\"wp-block-themeisle-blocks-advanced-columns alignfull has-3-columns has-desktop-equal-layout has-tablet-equal-layout has-mobile-collapsedRows-layout has-vertical-unset\"><div class=\"wp-block-themeisle-blocks-advanced-columns-overlay\"><\/div><div class=\"innerblocks-wrap\">\n<div id=\"wp-block-themeisle-blocks-advanced-column-329f066d\" class=\"wp-block-themeisle-blocks-advanced-column\"><\/div>\n\n\n\n<div id=\"wp-block-themeisle-blocks-advanced-column-a131c8d8\" class=\"wp-block-themeisle-blocks-advanced-column\"><\/div>\n\n\n\n<div id=\"wp-block-themeisle-blocks-advanced-column-b20eafeb\" class=\"wp-block-themeisle-blocks-advanced-column\"><\/div>\n<\/div><\/div>\n","protected":false},"excerpt":{"rendered":"","protected":false},"author":1,"featured_media":0,"parent":0,"menu_order":0,"comment_status":"closed","ping_status":"closed","template":"page-templates\/template-pagebuilder-full-width.php","meta":{"neve_meta_sidebar":"full-width","neve_meta_container":"","neve_meta_enable_content_width":"on","neve_meta_content_width":100,"neve_meta_title_alignment":"","neve_meta_author_avatar":"","neve_post_elements_order":"","neve_meta_disable_header":"","neve_meta_disable_footer":"","neve_meta_disable_title":"on","_themeisle_gutenberg_block_has_review":false,"footnotes":""},"class_list":["post-5","page","type-page","status-publish","hentry"],"_links":{"self":[{"href":"https:\/\/machs-auf.at\/index.php\/wp-json\/wp\/v2\/pages\/5","targetHints":{"allow":["GET"]}}],"collection":[{"href":"https:\/\/machs-auf.at\/index.php\/wp-json\/wp\/v2\/pages"}],"about":[{"href":"https:\/\/machs-auf.at\/index.php\/wp-json\/wp\/v2\/types\/page"}],"author":[{"embeddable":true,"href":"https:\/\/machs-auf.at\/index.php\/wp-json\/wp\/v2\/users\/1"}],"replies":[{"embeddable":true,"href":"https:\/\/machs-auf.at\/index.php\/wp-json\/wp\/v2\/comments?post=5"}],"version-history":[{"count":4,"href":"https:\/\/machs-auf.at\/index.php\/wp-json\/wp\/v2\/pages\/5\/revisions"}],"predecessor-version":[{"id":364,"href":"https:\/\/machs-auf.at\/index.php\/wp-json\/wp\/v2\/pages\/5\/revisions\/364"}],"wp:attachment":[{"href":"https:\/\/machs-auf.at\/index.php\/wp-json\/wp\/v2\/media?parent=5"}],"curies":[{"name":"wp","href":"https:\/\/api.w.org\/{rel}","templated":true}]}}