{"id":560,"date":"2023-12-17T17:52:47","date_gmt":"2023-12-17T16:52:47","guid":{"rendered":"https:\/\/machs-auf.at\/?page_id=560"},"modified":"2024-07-15T22:12:34","modified_gmt":"2024-07-15T20:12:34","slug":"info","status":"publish","type":"page","link":"https:\/\/machs-auf.at\/index.php\/info\/","title":{"rendered":"Infografik"},"content":{"rendered":"\n<p>info.machs-auf.at ist ein Unterprojekt von <a href=\"http:\/\/machs-auf.at\">MACH&#8217;S AUF!<\/a>, welches dem <a href=\"http:\/\/gebaerdenverse.at\"><strong>Geb\u00e4rdenverse<\/strong><\/a> geh\u00f6rt. Hier bieten wir gesammelte und selbst-erstellte Informationen rund um Geh\u00f6rlosigkeit und Geb\u00e4rdensprachen sowie HOW-TO: Organisation \u00d6GS* Dolmetscher*innen zur freien Nutzung an.<\/p>\n\n\n\n<p>Die Infografiken sind von Geh\u00f6rlosen mit Expertise erstellt. Wenn dir etwaige Fehler auffallen oder Erg\u00e4nzungsbedarf besteht, kontaktiere uns gerne mit Vorschl\u00e4ge. <strong>kontakt@gebaerdenverse.at<\/strong><\/p>\n\n\n\n<p><em>* \u00d6GS = \u00d6sterreichische Geb\u00e4rdensprache<\/em><\/p>\n\n\n\n<div id=\"wp-block-themeisle-blocks-button-group-7dc0c5c6\" class=\"wp-block-themeisle-blocks-button-group wp-block-buttons align-center-desktop\">\n<div id=\"wp-block-themeisle-blocks-button-1f85eb51\" class=\"wp-block-themeisle-blocks-button wp-block-button\"><a href=\"https:\/\/machs-auf.at\/infografik.pdf\" target=\"_self\" rel=\"noopener noreferrer\" class=\"wp-block-button__link\"><span>Infografiken als PDF<\/span><\/a><\/div>\n\n\n\n<div id=\"wp-block-themeisle-blocks-button-5a8a71f0\" class=\"wp-block-themeisle-blocks-button wp-block-button\"><a href=\"https:\/\/gebaerdenverse.at\/index.php\/spenden\/\" target=\"_self\" rel=\"noopener noreferrer\" class=\"wp-block-button__link\"><span>Ich will etwas spenden! &lt;3<\/span><\/a><\/div>\n\n\n\n<div id=\"wp-block-themeisle-blocks-button-51ccb5f2\" class=\"wp-block-themeisle-blocks-button wp-block-button\"><a href=\"https:\/\/ko-fi.com\/gebaerdenverse\" target=\"_blank\" rel=\"noopener noreferrer\" class=\"wp-block-button__link\"><span>Infografik\/Sticker bestellen<\/span><\/a><\/div>\n<\/div>\n\n\n\n<p><\/p>\n\n\n\n<figure class=\"wp-block-gallery has-nested-images columns-1 is-cropped wp-block-gallery-1 is-layout-flex wp-block-gallery-is-layout-flex\">\n<figure class=\"wp-block-image size-large\"><img loading=\"lazy\" decoding=\"async\" width=\"724\" height=\"1024\" data-id=\"594\" src=\"https:\/\/machs-auf.at\/wp-content\/uploads\/2024\/07\/OeGS-Seite-1-ohne-etwas-1-724x1024.png\" alt=\"\" class=\"wp-image-594\" srcset=\"https:\/\/machs-auf.at\/wp-content\/uploads\/2024\/07\/OeGS-Seite-1-ohne-etwas-1-724x1024.png 724w, https:\/\/machs-auf.at\/wp-content\/uploads\/2024\/07\/OeGS-Seite-1-ohne-etwas-1-212x300.png 212w, https:\/\/machs-auf.at\/wp-content\/uploads\/2024\/07\/OeGS-Seite-1-ohne-etwas-1-768x1086.png 768w, https:\/\/machs-auf.at\/wp-content\/uploads\/2024\/07\/OeGS-Seite-1-ohne-etwas-1-1087x1536.png 1087w, https:\/\/machs-auf.at\/wp-content\/uploads\/2024\/07\/OeGS-Seite-1-ohne-etwas-1-1449x2048.png 1449w\" sizes=\"auto, (max-width: 724px) 100vw, 724px\" \/><\/figure>\n\n\n\n<figure class=\"wp-block-image size-large\"><img loading=\"lazy\" decoding=\"async\" width=\"724\" height=\"1024\" data-id=\"593\" src=\"https:\/\/machs-auf.at\/wp-content\/uploads\/2024\/07\/Dolmetsch-Seite-1-724x1024.png\" alt=\"\" class=\"wp-image-593\" srcset=\"https:\/\/machs-auf.at\/wp-content\/uploads\/2024\/07\/Dolmetsch-Seite-1-724x1024.png 724w, https:\/\/machs-auf.at\/wp-content\/uploads\/2024\/07\/Dolmetsch-Seite-1-212x300.png 212w, https:\/\/machs-auf.at\/wp-content\/uploads\/2024\/07\/Dolmetsch-Seite-1-768x1086.png 768w, https:\/\/machs-auf.at\/wp-content\/uploads\/2024\/07\/Dolmetsch-Seite-1-1087x1536.png 1087w, https:\/\/machs-auf.at\/wp-content\/uploads\/2024\/07\/Dolmetsch-Seite-1-1449x2048.png 1449w\" sizes=\"auto, (max-width: 724px) 100vw, 724px\" \/><\/figure>\n\n\n\n<figure class=\"wp-block-image size-large\"><img loading=\"lazy\" decoding=\"async\" width=\"724\" height=\"1024\" data-id=\"592\" src=\"https:\/\/machs-auf.at\/wp-content\/uploads\/2024\/07\/5-1-724x1024.png\" alt=\"\" class=\"wp-image-592\" srcset=\"https:\/\/machs-auf.at\/wp-content\/uploads\/2024\/07\/5-1-724x1024.png 724w, https:\/\/machs-auf.at\/wp-content\/uploads\/2024\/07\/5-1-212x300.png 212w, https:\/\/machs-auf.at\/wp-content\/uploads\/2024\/07\/5-1-768x1086.png 768w, https:\/\/machs-auf.at\/wp-content\/uploads\/2024\/07\/5-1-1087x1536.png 1087w, https:\/\/machs-auf.at\/wp-content\/uploads\/2024\/07\/5-1-1449x2048.png 1449w\" sizes=\"auto, (max-width: 724px) 100vw, 724px\" \/><\/figure>\n<\/figure>\n\n\n\n<p><\/p>\n","protected":false},"excerpt":{"rendered":"<p>info.machs-auf.at ist ein Unterprojekt von MACH&#8217;S AUF!, welches dem Geb\u00e4rdenverse geh\u00f6rt. Hier bieten wir gesammelte und selbst-erstellte Informationen rund um Geh\u00f6rlosigkeit und Geb\u00e4rdensprachen sowie HOW-TO: Organisation \u00d6GS* Dolmetscher*innen zur freien Nutzung an. Die Infografiken sind von Geh\u00f6rlosen mit Expertise erstellt. Wenn dir etwaige Fehler auffallen oder Erg\u00e4nzungsbedarf besteht, kontaktiere uns gerne mit Vorschl\u00e4ge. kontakt@gebaerdenverse.at *&hellip;&nbsp;<a href=\"https:\/\/machs-auf.at\/index.php\/info\/\" rel=\"bookmark\">Weiterlesen &raquo;<span class=\"screen-reader-text\">Infografik<\/span><\/a><\/p>\n","protected":false},"author":1,"featured_media":0,"parent":0,"menu_order":0,"comment_status":"closed","ping_status":"closed","template":"","meta":{"neve_meta_sidebar":"","neve_meta_container":"","neve_meta_enable_content_width":"","neve_meta_content_width":0,"neve_meta_title_alignment":"","neve_meta_author_avatar":"","neve_post_elements_order":"","neve_meta_disable_header":"","neve_meta_disable_footer":"","neve_meta_disable_title":"","_themeisle_gutenberg_block_has_review":false,"footnotes":""},"class_list":["post-560","page","type-page","status-publish","hentry"],"_links":{"self":[{"href":"https:\/\/machs-auf.at\/index.php\/wp-json\/wp\/v2\/pages\/560","targetHints":{"allow":["GET"]}}],"collection":[{"href":"https:\/\/machs-auf.at\/index.php\/wp-json\/wp\/v2\/pages"}],"about":[{"href":"https:\/\/machs-auf.at\/index.php\/wp-json\/wp\/v2\/types\/page"}],"author":[{"embeddable":true,"href":"https:\/\/machs-auf.at\/index.php\/wp-json\/wp\/v2\/users\/1"}],"replies":[{"embeddable":true,"href":"https:\/\/machs-auf.at\/index.php\/wp-json\/wp\/v2\/comments?post=560"}],"version-history":[{"count":14,"href":"https:\/\/machs-auf.at\/index.php\/wp-json\/wp\/v2\/pages\/560\/revisions"}],"predecessor-version":[{"id":596,"href":"https:\/\/machs-auf.at\/index.php\/wp-json\/wp\/v2\/pages\/560\/revisions\/596"}],"wp:attachment":[{"href":"https:\/\/machs-auf.at\/index.php\/wp-json\/wp\/v2\/media?parent=560"}],"curies":[{"name":"wp","href":"https:\/\/api.w.org\/{rel}","templated":true}]}}